{"id":217,"date":"2023-05-15T08:17:39","date_gmt":"2023-05-15T08:17:39","guid":{"rendered":"https:\/\/palacebulevard.ro\/?page_id=217"},"modified":"2025-05-08T12:43:29","modified_gmt":"2025-05-08T12:43:29","slug":"termeni-si-conditii","status":"publish","type":"page","link":"https:\/\/palacebulevard.ro\/en\/termeni-si-conditii\/","title":{"rendered":"Terms and conditions"},"content":{"rendered":"<div data-elementor-type=\"wp-page\" data-elementor-id=\"217\" class=\"elementor elementor-217\">\n\t\t\t\t\t\t\t\t\t<section class=\"elementor-section elementor-top-section elementor-element elementor-element-529a1e6 elementor-section-full_width elementor-section-height-default elementor-section-height-default tf-sticky-section tf-sticky-no\" data-id=\"529a1e6\" data-element_type=\"section\" data-settings=\"{&quot;tf_sticky&quot;:&quot;no&quot;}\">\n\t\t\t\t\t\t<div class=\"elementor-container elementor-column-gap-default\">\n\t\t\t\t\t<div class=\"elementor-column elementor-col-100 elementor-top-column elementor-element elementor-element-88f3328\" data-id=\"88f3328\" data-element_type=\"column\">\n\t\t\t<div class=\"elementor-widget-wrap elementor-element-populated\">\n\t\t\t\t\t\t\t\t<section class=\"elementor-section elementor-inner-section elementor-element elementor-element-f05cc65 elementor-section-boxed elementor-section-height-default elementor-section-height-default tf-sticky-section tf-sticky-no\" data-id=\"f05cc65\" data-element_type=\"section\" data-settings=\"{&quot;background_background&quot;:&quot;classic&quot;,&quot;tf_sticky&quot;:&quot;no&quot;}\">\n\t\t\t\t\t\t\t<div class=\"elementor-background-overlay\"><\/div>\n\t\t\t\t\t\t\t<div class=\"elementor-container elementor-column-gap-default\">\n\t\t\t\t\t<div class=\"elementor-column elementor-col-100 elementor-inner-column elementor-element elementor-element-57a41a5\" data-id=\"57a41a5\" data-element_type=\"column\">\n\t\t\t<div class=\"elementor-widget-wrap elementor-element-populated\">\n\t\t\t\t\t\t\t\t<div class=\"elementor-element elementor-element-2c4ee11 elementor-icon-list--layout-inline elementor-widget__width-auto elementor-list-item-link-full_width elementor-widget elementor-widget-icon-list\" data-id=\"2c4ee11\" data-element_type=\"widget\" data-widget_type=\"icon-list.default\">\n\t\t\t\t<div class=\"elementor-widget-container\">\n\t\t\t<link rel=\"stylesheet\" href=\"https:\/\/palacebulevard.ro\/wp-content\/plugins\/elementor\/assets\/css\/widget-icon-list.min.css\">\t\t<ul class=\"elementor-icon-list-items elementor-inline-items\">\n\t\t\t\t\t\t\t<li class=\"elementor-icon-list-item elementor-inline-item\">\n\t\t\t\t\t\t\t\t\t\t\t<a href=\"https:\/\/palacebulevard.ro\/en\/acasa\/\">\n\n\t\t\t\t\t\t\t\t\t\t\t<span class=\"elementor-icon-list-text\">Home<\/span>\n\t\t\t\t\t\t\t\t\t\t\t<\/a>\n\t\t\t\t\t\t\t\t\t<\/li>\n\t\t\t\t\t\t<\/ul>\n\t\t\t\t<\/div>\n\t\t\t\t<\/div>\n\t\t\t\t<div class=\"elementor-element elementor-element-da190b4 elementor-widget__width-auto elementor-widget-divider--view-line elementor-widget elementor-widget-divider\" data-id=\"da190b4\" data-element_type=\"widget\" data-widget_type=\"divider.default\">\n\t\t\t\t<div class=\"elementor-widget-container\">\n\t\t\t<style>\/*! elementor - v3.13.2 - 11-05-2023 *\/\n.elementor-widget-divider{--divider-border-style:none;--divider-border-width:1px;--divider-color:#0c0d0e;--divider-icon-size:20px;--divider-element-spacing:10px;--divider-pattern-height:24px;--divider-pattern-size:20px;--divider-pattern-url:none;--divider-pattern-repeat:repeat-x}.elementor-widget-divider .elementor-divider{display:flex}.elementor-widget-divider .elementor-divider__text{font-size:15px;line-height:1;max-width:95%}.elementor-widget-divider .elementor-divider__element{margin:0 var(--divider-element-spacing);flex-shrink:0}.elementor-widget-divider .elementor-icon{font-size:var(--divider-icon-size)}.elementor-widget-divider .elementor-divider-separator{display:flex;margin:0;direction:ltr}.elementor-widget-divider--view-line_icon .elementor-divider-separator,.elementor-widget-divider--view-line_text .elementor-divider-separator{align-items:center}.elementor-widget-divider--view-line_icon .elementor-divider-separator:after,.elementor-widget-divider--view-line_icon .elementor-divider-separator:before,.elementor-widget-divider--view-line_text .elementor-divider-separator:after,.elementor-widget-divider--view-line_text .elementor-divider-separator:before{display:block;content:\"\";border-bottom:0;flex-grow:1;border-top:var(--divider-border-width) var(--divider-border-style) var(--divider-color)}.elementor-widget-divider--element-align-left .elementor-divider .elementor-divider-separator>.elementor-divider__svg:first-of-type{flex-grow:0;flex-shrink:100}.elementor-widget-divider--element-align-left .elementor-divider-separator:before{content:none}.elementor-widget-divider--element-align-left .elementor-divider__element{margin-left:0}.elementor-widget-divider--element-align-right .elementor-divider .elementor-divider-separator>.elementor-divider__svg:last-of-type{flex-grow:0;flex-shrink:100}.elementor-widget-divider--element-align-right .elementor-divider-separator:after{content:none}.elementor-widget-divider--element-align-right .elementor-divider__element{margin-right:0}.elementor-widget-divider:not(.elementor-widget-divider--view-line_text):not(.elementor-widget-divider--view-line_icon) .elementor-divider-separator{border-top:var(--divider-border-width) var(--divider-border-style) var(--divider-color)}.elementor-widget-divider--separator-type-pattern{--divider-border-style:none}.elementor-widget-divider--separator-type-pattern.elementor-widget-divider--view-line .elementor-divider-separator,.elementor-widget-divider--separator-type-pattern:not(.elementor-widget-divider--view-line) .elementor-divider-separator:after,.elementor-widget-divider--separator-type-pattern:not(.elementor-widget-divider--view-line) .elementor-divider-separator:before,.elementor-widget-divider--separator-type-pattern:not([class*=elementor-widget-divider--view]) .elementor-divider-separator{width:100%;min-height:var(--divider-pattern-height);-webkit-mask-size:var(--divider-pattern-size) 100%;mask-size:var(--divider-pattern-size) 100%;-webkit-mask-repeat:var(--divider-pattern-repeat);mask-repeat:var(--divider-pattern-repeat);background-color:var(--divider-color);-webkit-mask-image:var(--divider-pattern-url);mask-image:var(--divider-pattern-url)}.elementor-widget-divider--no-spacing{--divider-pattern-size:auto}.elementor-widget-divider--bg-round{--divider-pattern-repeat:round}.rtl .elementor-widget-divider .elementor-divider__text{direction:rtl}.e-con-inner>.elementor-widget-divider,.e-con>.elementor-widget-divider{width:var(--container-widget-width,100%);--flex-grow:var(--container-widget-flex-grow)}<\/style>\t\t<div class=\"elementor-divider\">\n\t\t\t<span class=\"elementor-divider-separator\">\n\t\t\t\t\t\t<\/span>\n\t\t<\/div>\n\t\t\t\t<\/div>\n\t\t\t\t<\/div>\n\t\t\t\t<div class=\"elementor-element elementor-element-5e16415 elementor-icon-list--layout-inline elementor-widget__width-auto elementor-list-item-link-full_width elementor-widget elementor-widget-icon-list\" data-id=\"5e16415\" data-element_type=\"widget\" data-widget_type=\"icon-list.default\">\n\t\t\t\t<div class=\"elementor-widget-container\">\n\t\t\t\t\t<ul class=\"elementor-icon-list-items elementor-inline-items\">\n\t\t\t\t\t\t\t<li class=\"elementor-icon-list-item elementor-inline-item\">\n\t\t\t\t\t\t\t\t\t\t<span class=\"elementor-icon-list-text\">Cookie Policy<\/span>\n\t\t\t\t\t\t\t\t\t<\/li>\n\t\t\t\t\t\t<\/ul>\n\t\t\t\t<\/div>\n\t\t\t\t<\/div>\n\t\t\t\t<div class=\"elementor-element elementor-element-0ad59d1 elementor-widget elementor-widget-heading\" data-id=\"0ad59d1\" data-element_type=\"widget\" data-widget_type=\"heading.default\">\n\t\t\t\t<div class=\"elementor-widget-container\">\n\t\t\t<style>\/*! elementor - v3.13.2 - 11-05-2023 *\/\n.elementor-heading-title{padding:0;margin:0;line-height:1}.elementor-widget-heading .elementor-heading-title[class*=elementor-size-]>a{color:inherit;font-size:inherit;line-height:inherit}.elementor-widget-heading .elementor-heading-title.elementor-size-small{font-size:15px}.elementor-widget-heading .elementor-heading-title.elementor-size-medium{font-size:19px}.elementor-widget-heading .elementor-heading-title.elementor-size-large{font-size:29px}.elementor-widget-heading .elementor-heading-title.elementor-size-xl{font-size:39px}.elementor-widget-heading .elementor-heading-title.elementor-size-xxl{font-size:59px}<\/style><h1 class=\"elementor-heading-title elementor-size-default\">Terms and conditions<\/h1>\t\t<\/div>\n\t\t\t\t<\/div>\n\t\t\t\t\t<\/div>\n\t\t<\/div>\n\t\t\t\t\t\t\t<\/div>\n\t\t<\/section>\n\t\t\t\t\t<\/div>\n\t\t<\/div>\n\t\t\t\t\t\t\t<\/div>\n\t\t<\/section>\n\t\t\t\t<section class=\"elementor-section elementor-top-section elementor-element elementor-element-ff52465 elementor-section-boxed elementor-section-height-default elementor-section-height-default tf-sticky-section tf-sticky-no\" data-id=\"ff52465\" data-element_type=\"section\" data-settings=\"{&quot;tf_sticky&quot;:&quot;no&quot;}\">\n\t\t\t\t\t\t<div class=\"elementor-container elementor-column-gap-default\">\n\t\t\t\t\t<div class=\"elementor-column elementor-col-100 elementor-top-column elementor-element elementor-element-b09cb92\" data-id=\"b09cb92\" data-element_type=\"column\">\n\t\t\t<div class=\"elementor-widget-wrap elementor-element-populated\">\n\t\t\t\t\t\t\t\t<div class=\"elementor-element elementor-element-0304fe9 elementor-widget elementor-widget-text-editor\" data-id=\"0304fe9\" data-element_type=\"widget\" data-widget_type=\"text-editor.default\">\n\t\t\t\t<div class=\"elementor-widget-container\">\n\t\t\t<style>\/*! elementor - v3.13.2 - 11-05-2023 *\/\n.elementor-widget-text-editor.elementor-drop-cap-view-stacked .elementor-drop-cap{background-color:#69727d;color:#fff}.elementor-widget-text-editor.elementor-drop-cap-view-framed .elementor-drop-cap{color:#69727d;border:3px solid;background-color:transparent}.elementor-widget-text-editor:not(.elementor-drop-cap-view-default) .elementor-drop-cap{margin-top:8px}.elementor-widget-text-editor:not(.elementor-drop-cap-view-default) .elementor-drop-cap-letter{width:1em;height:1em}.elementor-widget-text-editor .elementor-drop-cap{float:left;text-align:center;line-height:1;font-size:50px}.elementor-widget-text-editor .elementor-drop-cap-letter{display:inline-block}<\/style>\t\t\t\t<p>Last update: 04.04.2025<\/p><p>The website www.palacebulevard.ro\n is owned by PALACE BULEVARD RDI SRL, a Romanian company with its registered office at Calea Baciului 27A, Code 400230, Cluj-Napoca, Romania, registered with the Cluj Trade Registry under no. J12\/7494\/2022, with fiscal code RO47370581, e-mail contact@palacebulevard.ro\n.<\/p><p>Please read these terms and conditions carefully before using our website. (<a href=\"https:\/\/palacebulevard.ro\/en\/\" target=\"_new\">www.palacebulevard.ro<\/a>) and benefiting from our services. By using our website and making a reservation or request, you agree to comply with these terms and conditions. If you do not agree with these terms, please do not use our website or our services.<\/p><p><strong>Note: The front desk is open daily from 08:00 to 20:00 and operates based on online check-in.<br data-start=\"158\" data-end=\"161\" \/>For arrivals after 20:00, please contact us at the phone number: +40 752 042 241.<\/strong><\/p><ol><li><strong>Reservation<\/strong><\/li><\/ol><ul><li>To make a reservation at Hotel Palace Boulevard Inn, you must be at least 18 years old.<\/li><li>Please provide accurate, correct, and complete information when making a reservation.<\/li><li>Reservations are confirmed based on room availability and may be canceled or modified in accordance with our cancellation policy.<\/li><\/ul><ol start=\"2\"><li><strong>Rates and Payments<\/strong><\/li><\/ol><ul><li>The rates displayed on our website are expressed in RON (lei) and include all applicable taxes and fees.<\/li><li>Payment is made at the hotel and can be made in cash or by credit\/debit card. To guarantee the reservation, we may request your card details at the time of booking.<\/li><li>Certain rates and offers may have special payment conditions or cancellation policies. Please check these details before making a reservation.<\/li><\/ul><ol start=\"3\"><li><strong>Check-in and check-out<\/strong><\/li><\/ol><ul><li>Check-in is available starting from 14:00, and check-out must be completed by 12:00 on the day of departure.<\/li><li>If you wish to check in earlier or check out later, please contact us in advance. These additional requests may be subject to availability and extra charges.<\/li><\/ul><ol start=\"4\"><li><strong>Cancellation Policy<\/strong><\/li><\/ol><ul><li>Please review our cancellation policy before making a reservation. Certain rates and offers may have special cancellation conditions.<\/li><li>To cancel or modify a reservation, please contact us via email at contact@palacebulevard.ro\n. <a href=\"mailto:contact@palacebulevard.ro\" target=\"_new\">contact@palacebulevard.ro<\/a> or call us at the phone number listed on our website.<\/li><\/ul><ol start=\"5\"><li><strong>Privacy<\/strong><\/li><\/ol><ul><li>Palace Boulevard Inn respects the confidentiality of your personal information. For more details, please refer to our Privacy Policy available on our website.<\/li><\/ul><ol start=\"6\"><li><strong>Intellectual Property<\/strong><\/li><\/ol><ul><li>All intellectual property rights to the content and design of our website, as well as to the materials provided by Hotel Palace Boulevard Inn, including but not limited to texts, images, graphics, logos, audio and video clips, are reserved and protected by copyright and intellectual property laws.<\/li><li>You are not permitted to copy, reproduce, distribute, or otherwise use the content of our website without the prior written consent of Hotel Palace Boulevard Inn.<\/li><\/ul><ol start=\"7\"><li><strong>Limitation of Liability<\/strong><\/li><\/ol><ul><li>Hotel Palace Boulevard Inn makes every reasonable effort to ensure that the information provided on our website is accurate and up to date. However, we cannot guarantee that the information is free of errors or that the website will be available without interruption or error-free.<\/li><li>Hotel Palace Boulevard Inn is not responsible for any direct, indirect, special, consequential, or exemplary damages resulting from the use or inability to use our website or our services.<\/li><\/ul><ol start=\"8\"><li><strong>Applicable Law and Jurisdiction<\/strong><\/li><\/ol><ul><li>These terms and conditions are governed by and construed in accordance with the laws of Romania.<\/li><li>Any dispute arising from or in connection with these terms and conditions shall be subject to the exclusive jurisdiction of the courts of Romania.<\/li><\/ul><ol start=\"9\"><li><strong>Contact<\/strong><\/li><\/ol><ul><li>For any questions, requests, or complaints regarding our terms and conditions, please contact us via email at contact@palacebulevard.ro\n. <a href=\"mailto:contact@palacebulevard.ro\" target=\"_new\">contact@palacebulevard.ro<\/a> or by phone at the number listed on our website.<\/li><\/ul><p>By using our website and services, you confirm that you have read and understood these terms and conditions and agree to be bound by them.<\/p>\t\t\t\t\t\t<\/div>\n\t\t\t\t<\/div>\n\t\t\t\t<div class=\"elementor-element elementor-element-d143dec elementor-widget-divider--view-line elementor-widget elementor-widget-divider\" data-id=\"d143dec\" data-element_type=\"widget\" data-widget_type=\"divider.default\">\n\t\t\t\t<div class=\"elementor-widget-container\">\n\t\t\t\t\t<div class=\"elementor-divider\">\n\t\t\t<span class=\"elementor-divider-separator\">\n\t\t\t\t\t\t<\/span>\n\t\t<\/div>\n\t\t\t\t<\/div>\n\t\t\t\t<\/div>\n\t\t\t\t\t<\/div>\n\t\t<\/div>\n\t\t\t\t\t\t\t<\/div>\n\t\t<\/section>\n\t\t\t\t\t\t\t<\/div>","protected":false},"excerpt":{"rendered":"<p>Acas\u0103 Politic\u0103 Cookies Termeni \u0219i Condi\u021bii Ultima actualizare: 04.04.2025 Site-ul www.palacebulevard.ro apar\u021bine de PALACE BULEVARD RDI SRL , societate de na\u021bionalitate rom\u00e2n\u0103 cu sediul social \u00een Calea Baciului 27A Cod 400230, Cluj-Napoca, Romania, \u00eenmatriculat\u0103 \u00een Registrul Comer\u021bului Cluj sub nr. J12\/7494\/2022, av\u00e2nd codul fiscal RO47370581, e-mail contact@palacebulevard.ro. V\u0103 rug\u0103m s\u0103 citi\u021bi cu aten\u021bie ace\u0219ti termeni [&hellip;]<\/p>","protected":false},"author":1,"featured_media":0,"parent":0,"menu_order":0,"comment_status":"closed","ping_status":"closed","template":"","meta":{"two_page_speed":{"current_score":{"status":"error_no_score"}},"footnotes":""},"class_list":["post-217","page","type-page","status-publish","hentry"],"_links":{"self":[{"href":"https:\/\/palacebulevard.ro\/en\/wp-json\/wp\/v2\/pages\/217","targetHints":{"allow":["GET"]}}],"collection":[{"href":"https:\/\/palacebulevard.ro\/en\/wp-json\/wp\/v2\/pages"}],"about":[{"href":"https:\/\/palacebulevard.ro\/en\/wp-json\/wp\/v2\/types\/page"}],"author":[{"embeddable":true,"href":"https:\/\/palacebulevard.ro\/en\/wp-json\/wp\/v2\/users\/1"}],"replies":[{"embeddable":true,"href":"https:\/\/palacebulevard.ro\/en\/wp-json\/wp\/v2\/comments?post=217"}],"version-history":[{"count":10,"href":"https:\/\/palacebulevard.ro\/en\/wp-json\/wp\/v2\/pages\/217\/revisions"}],"predecessor-version":[{"id":623,"href":"https:\/\/palacebulevard.ro\/en\/wp-json\/wp\/v2\/pages\/217\/revisions\/623"}],"wp:attachment":[{"href":"https:\/\/palacebulevard.ro\/en\/wp-json\/wp\/v2\/media?parent=217"}],"curies":[{"name":"wp","href":"https:\/\/api.w.org\/{rel}","templated":true}]}}